{"id":7868,"date":"2024-09-06T16:13:49","date_gmt":"2024-09-06T14:13:49","guid":{"rendered":"https:\/\/testsocverslas.inovacijuagentura.lt\/?page_id=7868"},"modified":"2025-05-08T15:10:37","modified_gmt":"2025-05-08T13:10:37","slug":"socialinio-verslo-statuso-registracija","status":"publish","type":"page","link":"https:\/\/testsocverslas.inovacijuagentura.lt\/en\/socialinio-verslo-statuso-registracija\/","title":{"rendered":"Socialinio verslo statuso registracija"},"content":{"rendered":"<div class=\"wp-block-group alignwide\"><div class=\"wp-block-group__inner-container is-layout-flow wp-block-group-is-layout-flow\">\n<div class=\"wp-block-group alignwide\"><div class=\"wp-block-group__inner-container is-layout-flow wp-block-group-is-layout-flow\">\n<div class=\"wp-block-columns alignwide tw-gutter-large is-layout-flex wp-container-core-columns-is-layout-d0b3c9c8 wp-block-columns-is-layout-flex\">\n<div class=\"wp-block-column is-layout-flow wp-block-column-is-layout-flow\" style=\"--col-width:50%;flex-basis:50%\">\n<h2 class=\"wp-block-heading\">Socialinio verslo statuso registracija<\/h2>\n\n\n\n<p class=\"has-text-align-left\"><strong>Social Enterprise<\/strong>&nbsp;\u2013&nbsp;ekonomin\u0117 veikla, kuria siekiama visuomenei nauding\u0173 tiksl\u0173, socialinio ar (ir) aplinkosauginio poveikio ir kuri\u0105 vykdo socialinei ekonomikai priskiriami socialinio verslo subjektai.<\/p>\n\n\n\n<p>Socialinio verslo statusas vertinamas remiantis <a href=\"https:\/\/e-seimas.lrs.lt\/portal\/legalAct\/lt\/TAD\/4ab93cc09e7511ee8172b53a675305ab?jfwid=ak35nirtz\">Smulkiojo ir vidutinio verslo pl\u0117tros \u012fstatymu<\/a> ir <a href=\"https:\/\/e-seimas.lrs.lt\/portal\/legalAct\/lt\/TAD\/24be6d92867511ef84ff9693ecd03ff5?positionInSearchResults=0&amp;searchModelUUID=a27c08fa-1eae-4f2d-8b04-2880cfd98833\">Socialinio verslo subjekto statuso \u012fgijimo ir netekimo tvarkos apra\u0161u<\/a>.<\/p>\n<\/div>\n\n\n\n<div class=\"wp-block-column is-layout-flow wp-block-column-is-layout-flow\" style=\"--col-width:50%;flex-basis:50%\">\n<figure class=\"wp-block-image size-full is-resized\"><img loading=\"lazy\" decoding=\"async\" width=\"775\" height=\"775\" src=\"https:\/\/testsocverslas.inovacijuagentura.lt\/wp-content\/uploads\/2025\/02\/image.png\" alt=\"\u0160is paveiksl\u0117lis neturi alt atributo; jo failo pavadinimas yra So_verslas_web-10.png\" class=\"wp-image-8085\" style=\"object-fit:cover;width:400px;height:auto\" srcset=\"https:\/\/testsocverslas.inovacijuagentura.lt\/wp-content\/uploads\/2025\/02\/image.png 775w, https:\/\/testsocverslas.inovacijuagentura.lt\/wp-content\/uploads\/2025\/02\/image-300x300.png 300w, https:\/\/testsocverslas.inovacijuagentura.lt\/wp-content\/uploads\/2025\/02\/image-150x150.png 150w, https:\/\/testsocverslas.inovacijuagentura.lt\/wp-content\/uploads\/2025\/02\/image-768x768.png 768w, https:\/\/testsocverslas.inovacijuagentura.lt\/wp-content\/uploads\/2025\/02\/image-12x12.png 12w\" sizes=\"auto, (max-width: 775px) 100vw, 775px\" \/><\/figure>\n<\/div>\n<\/div>\n<\/div><\/div>\n<\/div><\/div>\n\n\nOops! You need to be logged in to use this form.","protected":false},"excerpt":{"rendered":"<p>Socialinio verslo statuso registracija Socialinis verslas&nbsp;\u2013&nbsp;ekonomin\u0117 veikla, kuria siekiama visuomenei nauding\u0173 tiksl\u0173, socialinio ar (ir) aplinkosauginio poveikio ir kuri\u0105 vykdo socialinei ekonomikai priskiriami socialinio verslo subjektai. Socialinio verslo statusas vertinamas remiantis Smulkiojo ir vidutinio verslo pl\u0117tros \u012fstatymu ir Socialinio verslo subjekto statuso \u012fgijimo ir netekimo tvarkos apra\u0161u.<\/p>","protected":false},"author":913,"featured_media":0,"parent":0,"menu_order":0,"comment_status":"closed","ping_status":"closed","template":"tw-no-title.php","meta":{"footnotes":""},"class_list":["post-7868","page","type-page","status-publish","hentry"],"yoast_head":"<!-- This site is optimized with the Yoast SEO plugin v27.3 - https:\/\/yoast.com\/product\/yoast-seo-wordpress\/ -->\n<title>Socialinio verslo statuso registracija - Socialinis verslas<\/title>\n<meta name=\"robots\" content=\"noindex, follow, max-snippet:-1, max-image-preview:large, max-video-preview:-1\" \/>\n<meta property=\"og:locale\" content=\"en_US\" \/>\n<meta property=\"og:type\" content=\"article\" \/>\n<meta property=\"og:title\" content=\"Socialinio verslo statuso registracija - Socialinis verslas\" \/>\n<meta property=\"og:description\" content=\"Socialinio verslo statuso registracija Socialinis verslas&nbsp;\u2013&nbsp;ekonomin\u0117 veikla, kuria siekiama visuomenei nauding\u0173 tiksl\u0173, socialinio ar (ir) aplinkosauginio poveikio ir kuri\u0105 vykdo socialinei ekonomikai priskiriami socialinio verslo subjektai. Socialinio verslo statusas vertinamas remiantis Smulkiojo ir vidutinio verslo pl\u0117tros \u012fstatymu ir Socialinio verslo subjekto statuso \u012fgijimo ir netekimo tvarkos apra\u0161u.\" \/>\n<meta property=\"og:url\" content=\"https:\/\/testsocverslas.inovacijuagentura.lt\/en\/socialinio-verslo-statuso-registracija\/\" \/>\n<meta property=\"og:site_name\" content=\"Socialinis verslas\" \/>\n<meta property=\"article:modified_time\" content=\"2025-05-08T13:10:37+00:00\" \/>\n<meta property=\"og:image\" content=\"https:\/\/testsocverslas.inovacijuagentura.lt\/wp-content\/uploads\/2025\/02\/image.png\" \/>\n\t<meta property=\"og:image:width\" content=\"775\" \/>\n\t<meta property=\"og:image:height\" content=\"775\" \/>\n\t<meta property=\"og:image:type\" content=\"image\/png\" \/>\n<meta name=\"twitter:card\" content=\"summary_large_image\" \/>\n<meta name=\"twitter:label1\" content=\"Est. reading time\" \/>\n\t<meta name=\"twitter:data1\" content=\"1 minute\" \/>\n<script type=\"application\/ld+json\" class=\"yoast-schema-graph\">{\"@context\":\"https:\\\/\\\/schema.org\",\"@graph\":[{\"@type\":\"WebPage\",\"@id\":\"https:\\\/\\\/testsocverslas.inovacijuagentura.lt\\\/socialinio-verslo-statuso-registracija\\\/\",\"url\":\"https:\\\/\\\/testsocverslas.inovacijuagentura.lt\\\/socialinio-verslo-statuso-registracija\\\/\",\"name\":\"Socialinio verslo statuso registracija - Socialinis verslas\",\"isPartOf\":{\"@id\":\"https:\\\/\\\/testsocverslas.inovacijuagentura.lt\\\/#website\"},\"primaryImageOfPage\":{\"@id\":\"https:\\\/\\\/testsocverslas.inovacijuagentura.lt\\\/socialinio-verslo-statuso-registracija\\\/#primaryimage\"},\"image\":{\"@id\":\"https:\\\/\\\/testsocverslas.inovacijuagentura.lt\\\/socialinio-verslo-statuso-registracija\\\/#primaryimage\"},\"thumbnailUrl\":\"https:\\\/\\\/testsocverslas.inovacijuagentura.lt\\\/wp-content\\\/uploads\\\/2025\\\/02\\\/image.png\",\"datePublished\":\"2024-09-06T14:13:49+00:00\",\"dateModified\":\"2025-05-08T13:10:37+00:00\",\"breadcrumb\":{\"@id\":\"https:\\\/\\\/testsocverslas.inovacijuagentura.lt\\\/socialinio-verslo-statuso-registracija\\\/#breadcrumb\"},\"inLanguage\":\"en-US\",\"potentialAction\":[{\"@type\":\"ReadAction\",\"target\":[\"https:\\\/\\\/testsocverslas.inovacijuagentura.lt\\\/socialinio-verslo-statuso-registracija\\\/\"]}]},{\"@type\":\"ImageObject\",\"inLanguage\":\"en-US\",\"@id\":\"https:\\\/\\\/testsocverslas.inovacijuagentura.lt\\\/socialinio-verslo-statuso-registracija\\\/#primaryimage\",\"url\":\"https:\\\/\\\/testsocverslas.inovacijuagentura.lt\\\/wp-content\\\/uploads\\\/2025\\\/02\\\/image.png\",\"contentUrl\":\"https:\\\/\\\/testsocverslas.inovacijuagentura.lt\\\/wp-content\\\/uploads\\\/2025\\\/02\\\/image.png\"},{\"@type\":\"BreadcrumbList\",\"@id\":\"https:\\\/\\\/testsocverslas.inovacijuagentura.lt\\\/socialinio-verslo-statuso-registracija\\\/#breadcrumb\",\"itemListElement\":[{\"@type\":\"ListItem\",\"position\":1,\"name\":\"Home\",\"item\":\"https:\\\/\\\/testsocverslas.inovacijuagentura.lt\\\/\"},{\"@type\":\"ListItem\",\"position\":2,\"name\":\"Socialinio verslo statuso registracija\"}]},{\"@type\":\"WebSite\",\"@id\":\"https:\\\/\\\/testsocverslas.inovacijuagentura.lt\\\/#website\",\"url\":\"https:\\\/\\\/testsocverslas.inovacijuagentura.lt\\\/\",\"name\":\"Socialinis verslas\",\"description\":\"\",\"publisher\":{\"@id\":\"https:\\\/\\\/testsocverslas.inovacijuagentura.lt\\\/#organization\"},\"potentialAction\":[{\"@type\":\"SearchAction\",\"target\":{\"@type\":\"EntryPoint\",\"urlTemplate\":\"https:\\\/\\\/testsocverslas.inovacijuagentura.lt\\\/?s={search_term_string}\"},\"query-input\":{\"@type\":\"PropertyValueSpecification\",\"valueRequired\":true,\"valueName\":\"search_term_string\"}}],\"inLanguage\":\"en-US\"},{\"@type\":\"Organization\",\"@id\":\"https:\\\/\\\/testsocverslas.inovacijuagentura.lt\\\/#organization\",\"name\":\"Socialinis verslas\",\"url\":\"https:\\\/\\\/testsocverslas.inovacijuagentura.lt\\\/\",\"logo\":{\"@type\":\"ImageObject\",\"inLanguage\":\"en-US\",\"@id\":\"https:\\\/\\\/testsocverslas.inovacijuagentura.lt\\\/#\\\/schema\\\/logo\\\/image\\\/\",\"url\":\"https:\\\/\\\/socialinisverslas.verslilietuva.lt\\\/wp-content\\\/uploads\\\/2020\\\/12\\\/turiuversla.png\",\"contentUrl\":\"https:\\\/\\\/socialinisverslas.verslilietuva.lt\\\/wp-content\\\/uploads\\\/2020\\\/12\\\/turiuversla.png\",\"width\":418,\"height\":406,\"caption\":\"Socialinis verslas\"},\"image\":{\"@id\":\"https:\\\/\\\/testsocverslas.inovacijuagentura.lt\\\/#\\\/schema\\\/logo\\\/image\\\/\"}}]}<\/script>\n<!-- \/ Yoast SEO plugin. -->","yoast_head_json":{"title":"Socialinio verslo statuso registracija - Socialinis verslas","robots":{"index":"noindex","follow":"follow","max-snippet":"max-snippet:-1","max-image-preview":"max-image-preview:large","max-video-preview":"max-video-preview:-1"},"og_locale":"en_US","og_type":"article","og_title":"Socialinio verslo statuso registracija - Socialinis verslas","og_description":"Socialinio verslo statuso registracija Socialinis verslas&nbsp;\u2013&nbsp;ekonomin\u0117 veikla, kuria siekiama visuomenei nauding\u0173 tiksl\u0173, socialinio ar (ir) aplinkosauginio poveikio ir kuri\u0105 vykdo socialinei ekonomikai priskiriami socialinio verslo subjektai. Socialinio verslo statusas vertinamas remiantis Smulkiojo ir vidutinio verslo pl\u0117tros \u012fstatymu ir Socialinio verslo subjekto statuso \u012fgijimo ir netekimo tvarkos apra\u0161u.","og_url":"https:\/\/testsocverslas.inovacijuagentura.lt\/en\/socialinio-verslo-statuso-registracija\/","og_site_name":"Socialinis verslas","article_modified_time":"2025-05-08T13:10:37+00:00","og_image":[{"width":775,"height":775,"url":"https:\/\/testsocverslas.inovacijuagentura.lt\/wp-content\/uploads\/2025\/02\/image.png","type":"image\/png"}],"twitter_card":"summary_large_image","twitter_misc":{"Est. reading time":"1 minute"},"schema":{"@context":"https:\/\/schema.org","@graph":[{"@type":"WebPage","@id":"https:\/\/testsocverslas.inovacijuagentura.lt\/socialinio-verslo-statuso-registracija\/","url":"https:\/\/testsocverslas.inovacijuagentura.lt\/socialinio-verslo-statuso-registracija\/","name":"Socialinio verslo statuso registracija - Socialinis verslas","isPartOf":{"@id":"https:\/\/testsocverslas.inovacijuagentura.lt\/#website"},"primaryImageOfPage":{"@id":"https:\/\/testsocverslas.inovacijuagentura.lt\/socialinio-verslo-statuso-registracija\/#primaryimage"},"image":{"@id":"https:\/\/testsocverslas.inovacijuagentura.lt\/socialinio-verslo-statuso-registracija\/#primaryimage"},"thumbnailUrl":"https:\/\/testsocverslas.inovacijuagentura.lt\/wp-content\/uploads\/2025\/02\/image.png","datePublished":"2024-09-06T14:13:49+00:00","dateModified":"2025-05-08T13:10:37+00:00","breadcrumb":{"@id":"https:\/\/testsocverslas.inovacijuagentura.lt\/socialinio-verslo-statuso-registracija\/#breadcrumb"},"inLanguage":"en-US","potentialAction":[{"@type":"ReadAction","target":["https:\/\/testsocverslas.inovacijuagentura.lt\/socialinio-verslo-statuso-registracija\/"]}]},{"@type":"ImageObject","inLanguage":"en-US","@id":"https:\/\/testsocverslas.inovacijuagentura.lt\/socialinio-verslo-statuso-registracija\/#primaryimage","url":"https:\/\/testsocverslas.inovacijuagentura.lt\/wp-content\/uploads\/2025\/02\/image.png","contentUrl":"https:\/\/testsocverslas.inovacijuagentura.lt\/wp-content\/uploads\/2025\/02\/image.png"},{"@type":"BreadcrumbList","@id":"https:\/\/testsocverslas.inovacijuagentura.lt\/socialinio-verslo-statuso-registracija\/#breadcrumb","itemListElement":[{"@type":"ListItem","position":1,"name":"Home","item":"https:\/\/testsocverslas.inovacijuagentura.lt\/"},{"@type":"ListItem","position":2,"name":"Socialinio verslo statuso registracija"}]},{"@type":"WebSite","@id":"https:\/\/testsocverslas.inovacijuagentura.lt\/#website","url":"https:\/\/testsocverslas.inovacijuagentura.lt\/","name":"Social Enterprise","description":"","publisher":{"@id":"https:\/\/testsocverslas.inovacijuagentura.lt\/#organization"},"potentialAction":[{"@type":"SearchAction","target":{"@type":"EntryPoint","urlTemplate":"https:\/\/testsocverslas.inovacijuagentura.lt\/?s={search_term_string}"},"query-input":{"@type":"PropertyValueSpecification","valueRequired":true,"valueName":"search_term_string"}}],"inLanguage":"en-US"},{"@type":"Organization","@id":"https:\/\/testsocverslas.inovacijuagentura.lt\/#organization","name":"Social Enterprise","url":"https:\/\/testsocverslas.inovacijuagentura.lt\/","logo":{"@type":"ImageObject","inLanguage":"en-US","@id":"https:\/\/testsocverslas.inovacijuagentura.lt\/#\/schema\/logo\/image\/","url":"https:\/\/socialinisverslas.verslilietuva.lt\/wp-content\/uploads\/2020\/12\/turiuversla.png","contentUrl":"https:\/\/socialinisverslas.verslilietuva.lt\/wp-content\/uploads\/2020\/12\/turiuversla.png","width":418,"height":406,"caption":"Socialinis verslas"},"image":{"@id":"https:\/\/testsocverslas.inovacijuagentura.lt\/#\/schema\/logo\/image\/"}}]}},"_links":{"self":[{"href":"https:\/\/testsocverslas.inovacijuagentura.lt\/en\/wp-json\/wp\/v2\/pages\/7868","targetHints":{"allow":["GET"]}}],"collection":[{"href":"https:\/\/testsocverslas.inovacijuagentura.lt\/en\/wp-json\/wp\/v2\/pages"}],"about":[{"href":"https:\/\/testsocverslas.inovacijuagentura.lt\/en\/wp-json\/wp\/v2\/types\/page"}],"author":[{"embeddable":true,"href":"https:\/\/testsocverslas.inovacijuagentura.lt\/en\/wp-json\/wp\/v2\/users\/913"}],"replies":[{"embeddable":true,"href":"https:\/\/testsocverslas.inovacijuagentura.lt\/en\/wp-json\/wp\/v2\/comments?post=7868"}],"version-history":[{"count":16,"href":"https:\/\/testsocverslas.inovacijuagentura.lt\/en\/wp-json\/wp\/v2\/pages\/7868\/revisions"}],"predecessor-version":[{"id":8086,"href":"https:\/\/testsocverslas.inovacijuagentura.lt\/en\/wp-json\/wp\/v2\/pages\/7868\/revisions\/8086"}],"wp:attachment":[{"href":"https:\/\/testsocverslas.inovacijuagentura.lt\/en\/wp-json\/wp\/v2\/media?parent=7868"}],"curies":[{"name":"wp","href":"https:\/\/api.w.org\/{rel}","templated":true}]}}