{"id":7857,"date":"2024-09-06T12:11:49","date_gmt":"2024-09-06T10:11:49","guid":{"rendered":"https:\/\/testsocverslas.inovacijuagentura.lt\/?page_id=7857"},"modified":"2025-02-03T15:53:35","modified_gmt":"2025-02-03T13:53:35","slug":"socialinio-verslo-statuso-igijimas","status":"publish","type":"page","link":"https:\/\/testsocverslas.inovacijuagentura.lt\/en\/socialinio-verslo-statuso-igijimas\/","title":{"rendered":"Socialinio verslo statuso \u012fgijimas"},"content":{"rendered":"<div class=\"wp-block-group alignfull\"><div class=\"wp-block-group__inner-container is-layout-flow wp-block-group-is-layout-flow\">\n<div class=\"wp-block-group alignfull tw-pb-0\"><div class=\"wp-block-group__inner-container is-layout-flow wp-block-group-is-layout-flow\">\n<div class=\"wp-block-columns alignwide are-vertically-aligned-center tw-cols-stack-md tw-gutter-large is-layout-flex wp-container-core-columns-is-layout-d0b3c9c8 wp-block-columns-is-layout-flex\">\n<div class=\"wp-block-column is-vertically-aligned-center is-layout-flow wp-block-column-is-layout-flow\">\n<p>Smulkiojo ir vidutinio verslo (SVV) subjektas, siekiantis \u012fgyti socialinio verslo status\u0105, j\u012f \u012fgyti gali u\u017epild\u017eius anket\u0105 bei pateikus duomenis Inovacij\u0173 agent\u016brai.  Inovacij\u0173 agent\u016bra per 20 d.d. <a href=\"https:\/\/e-seimas.lrs.lt\/portal\/legalAct\/lt\/TAD\/24be6d92867511ef84ff9693ecd03ff5?positionInSearchResults=0&amp;searchModelUUID=a27c08fa-1eae-4f2d-8b04-2880cfd98833\">socialinio verslo subjekto statuso \u012fgijimo tvarka<\/a> \u012fvertins pateikt\u0173 duomen\u0173 teisingum\u0105. <\/p>\n\n\n\n<p>Kad lengviau atsakytum\u0117te \u012f statuso suteikimo anketos klausimus, rekomenduojame naudotis nuotolini\u0173 mokym\u0173 skiltyje pateikta med\u017eiaga. <\/p>\n<\/div>\n\n\n\n<div class=\"wp-block-column is-vertically-aligned-center is-layout-flow wp-block-column-is-layout-flow\"><div class=\"wp-block-image\">\n<figure class=\"aligncenter size-full is-resized\"><img loading=\"lazy\" decoding=\"async\" width=\"1550\" height=\"1550\" src=\"https:\/\/testsocverslas.inovacijuagentura.lt\/wp-content\/uploads\/2025\/02\/So_verslas_web-14.png\" alt=\"\" class=\"wp-image-8080\" style=\"aspect-ratio:1.0067114093959733;width:400px\" srcset=\"https:\/\/testsocverslas.inovacijuagentura.lt\/wp-content\/uploads\/2025\/02\/So_verslas_web-14.png 1550w, https:\/\/testsocverslas.inovacijuagentura.lt\/wp-content\/uploads\/2025\/02\/So_verslas_web-14-300x300.png 300w, https:\/\/testsocverslas.inovacijuagentura.lt\/wp-content\/uploads\/2025\/02\/So_verslas_web-14-1024x1024.png 1024w, https:\/\/testsocverslas.inovacijuagentura.lt\/wp-content\/uploads\/2025\/02\/So_verslas_web-14-150x150.png 150w, https:\/\/testsocverslas.inovacijuagentura.lt\/wp-content\/uploads\/2025\/02\/So_verslas_web-14-768x768.png 768w, https:\/\/testsocverslas.inovacijuagentura.lt\/wp-content\/uploads\/2025\/02\/So_verslas_web-14-1536x1536.png 1536w, https:\/\/testsocverslas.inovacijuagentura.lt\/wp-content\/uploads\/2025\/02\/So_verslas_web-14-12x12.png 12w, https:\/\/testsocverslas.inovacijuagentura.lt\/wp-content\/uploads\/2025\/02\/So_verslas_web-14-1200x1200.png 1200w\" sizes=\"auto, (max-width: 1550px) 100vw, 1550px\" \/><\/figure>\n<\/div><\/div>\n<\/div>\n<\/div><\/div>\n<\/div><\/div>\n\n\n\n<div class=\"wp-block-group alignfull\"><div class=\"wp-block-group__inner-container is-layout-flow wp-block-group-is-layout-flow\">\n<div class=\"wp-block-buttons alignwide is-horizontal is-content-justification-center is-layout-flex wp-container-core-buttons-is-layout-03627597 wp-block-buttons-is-layout-flex\">\n<div class=\"wp-block-button business-logged-in\"><a class=\"wp-block-button__link wp-element-button\" href=\"https:\/\/testsocverslas.inovacijuagentura.lt\/en\/prisijungti-arba-registruotis\/\">Socialinio verslo statuso \u012fgijimas<\/a><\/div>\n\n\n\n<div class=\"wp-block-button soc-business-button\"><a class=\"wp-block-button__link wp-element-button\" href=\"https:\/\/testsocverslas.inovacijuagentura.lt\/en\/socialinio-verslo-statuso-registracija\/\">Socialinio verslo statuso \u012fgijimas<\/a><\/div>\n<\/div>\n<\/div><\/div>","protected":false},"excerpt":{"rendered":"<p>Smulkiojo ir vidutinio verslo (SVV) subjektas, siekiantis \u012fgyti socialinio verslo status\u0105, j\u012f \u012fgyti gali u\u017epild\u017eius anket\u0105 bei pateikus duomenis Inovacij\u0173 agent\u016brai. Inovacij\u0173 agent\u016bra per 20 d.d. socialinio verslo subjekto statuso \u012fgijimo tvarka \u012fvertins pateikt\u0173 duomen\u0173 teisingum\u0105. Kad lengviau atsakytum\u0117te \u012f statuso suteikimo anketos klausimus, rekomenduojame naudotis nuotolini\u0173 mokym\u0173 skiltyje pateikta med\u017eiaga.<\/p>","protected":false},"author":913,"featured_media":0,"parent":0,"menu_order":0,"comment_status":"closed","ping_status":"closed","template":"","meta":{"footnotes":""},"class_list":["post-7857","page","type-page","status-publish","hentry"],"yoast_head":"<!-- This site is optimized with the Yoast SEO plugin v27.3 - https:\/\/yoast.com\/product\/yoast-seo-wordpress\/ -->\n<title>Socialinio verslo statuso \u012fgijimas - Socialinis verslas<\/title>\n<meta name=\"robots\" content=\"noindex, follow, max-snippet:-1, max-image-preview:large, max-video-preview:-1\" \/>\n<meta property=\"og:locale\" content=\"en_US\" \/>\n<meta property=\"og:type\" content=\"article\" \/>\n<meta property=\"og:title\" content=\"Socialinio verslo statuso \u012fgijimas - Socialinis verslas\" \/>\n<meta property=\"og:description\" content=\"Smulkiojo ir vidutinio verslo (SVV) subjektas, siekiantis \u012fgyti socialinio verslo status\u0105, j\u012f \u012fgyti gali u\u017epild\u017eius anket\u0105 bei pateikus duomenis Inovacij\u0173 agent\u016brai. Inovacij\u0173 agent\u016bra per 20 d.d. socialinio verslo subjekto statuso \u012fgijimo tvarka \u012fvertins pateikt\u0173 duomen\u0173 teisingum\u0105. Kad lengviau atsakytum\u0117te \u012f statuso suteikimo anketos klausimus, rekomenduojame naudotis nuotolini\u0173 mokym\u0173 skiltyje pateikta med\u017eiaga.\" \/>\n<meta property=\"og:url\" content=\"https:\/\/testsocverslas.inovacijuagentura.lt\/en\/socialinio-verslo-statuso-igijimas\/\" \/>\n<meta property=\"og:site_name\" content=\"Socialinis verslas\" \/>\n<meta property=\"article:modified_time\" content=\"2025-02-03T13:53:35+00:00\" \/>\n<meta property=\"og:image\" content=\"https:\/\/testsocverslas.inovacijuagentura.lt\/wp-content\/uploads\/2025\/02\/So_verslas_web-14.png\" \/>\n<meta name=\"twitter:card\" content=\"summary_large_image\" \/>\n<meta name=\"twitter:label1\" content=\"Est. reading time\" \/>\n\t<meta name=\"twitter:data1\" content=\"1 minute\" \/>\n<script type=\"application\/ld+json\" class=\"yoast-schema-graph\">{\"@context\":\"https:\\\/\\\/schema.org\",\"@graph\":[{\"@type\":\"WebPage\",\"@id\":\"https:\\\/\\\/testsocverslas.inovacijuagentura.lt\\\/socialinio-verslo-statuso-igijimas\\\/\",\"url\":\"https:\\\/\\\/testsocverslas.inovacijuagentura.lt\\\/socialinio-verslo-statuso-igijimas\\\/\",\"name\":\"Socialinio verslo statuso \u012fgijimas - Socialinis verslas\",\"isPartOf\":{\"@id\":\"https:\\\/\\\/testsocverslas.inovacijuagentura.lt\\\/#website\"},\"primaryImageOfPage\":{\"@id\":\"https:\\\/\\\/testsocverslas.inovacijuagentura.lt\\\/socialinio-verslo-statuso-igijimas\\\/#primaryimage\"},\"image\":{\"@id\":\"https:\\\/\\\/testsocverslas.inovacijuagentura.lt\\\/socialinio-verslo-statuso-igijimas\\\/#primaryimage\"},\"thumbnailUrl\":\"https:\\\/\\\/testsocverslas.inovacijuagentura.lt\\\/wp-content\\\/uploads\\\/2025\\\/02\\\/So_verslas_web-14.png\",\"datePublished\":\"2024-09-06T10:11:49+00:00\",\"dateModified\":\"2025-02-03T13:53:35+00:00\",\"breadcrumb\":{\"@id\":\"https:\\\/\\\/testsocverslas.inovacijuagentura.lt\\\/socialinio-verslo-statuso-igijimas\\\/#breadcrumb\"},\"inLanguage\":\"en-US\",\"potentialAction\":[{\"@type\":\"ReadAction\",\"target\":[\"https:\\\/\\\/testsocverslas.inovacijuagentura.lt\\\/socialinio-verslo-statuso-igijimas\\\/\"]}]},{\"@type\":\"ImageObject\",\"inLanguage\":\"en-US\",\"@id\":\"https:\\\/\\\/testsocverslas.inovacijuagentura.lt\\\/socialinio-verslo-statuso-igijimas\\\/#primaryimage\",\"url\":\"https:\\\/\\\/testsocverslas.inovacijuagentura.lt\\\/wp-content\\\/uploads\\\/2025\\\/02\\\/So_verslas_web-14.png\",\"contentUrl\":\"https:\\\/\\\/testsocverslas.inovacijuagentura.lt\\\/wp-content\\\/uploads\\\/2025\\\/02\\\/So_verslas_web-14.png\"},{\"@type\":\"BreadcrumbList\",\"@id\":\"https:\\\/\\\/testsocverslas.inovacijuagentura.lt\\\/socialinio-verslo-statuso-igijimas\\\/#breadcrumb\",\"itemListElement\":[{\"@type\":\"ListItem\",\"position\":1,\"name\":\"Home\",\"item\":\"https:\\\/\\\/testsocverslas.inovacijuagentura.lt\\\/\"},{\"@type\":\"ListItem\",\"position\":2,\"name\":\"Socialinio verslo statuso \u012fgijimas\"}]},{\"@type\":\"WebSite\",\"@id\":\"https:\\\/\\\/testsocverslas.inovacijuagentura.lt\\\/#website\",\"url\":\"https:\\\/\\\/testsocverslas.inovacijuagentura.lt\\\/\",\"name\":\"Socialinis verslas\",\"description\":\"\",\"publisher\":{\"@id\":\"https:\\\/\\\/testsocverslas.inovacijuagentura.lt\\\/#organization\"},\"potentialAction\":[{\"@type\":\"SearchAction\",\"target\":{\"@type\":\"EntryPoint\",\"urlTemplate\":\"https:\\\/\\\/testsocverslas.inovacijuagentura.lt\\\/?s={search_term_string}\"},\"query-input\":{\"@type\":\"PropertyValueSpecification\",\"valueRequired\":true,\"valueName\":\"search_term_string\"}}],\"inLanguage\":\"en-US\"},{\"@type\":\"Organization\",\"@id\":\"https:\\\/\\\/testsocverslas.inovacijuagentura.lt\\\/#organization\",\"name\":\"Socialinis verslas\",\"url\":\"https:\\\/\\\/testsocverslas.inovacijuagentura.lt\\\/\",\"logo\":{\"@type\":\"ImageObject\",\"inLanguage\":\"en-US\",\"@id\":\"https:\\\/\\\/testsocverslas.inovacijuagentura.lt\\\/#\\\/schema\\\/logo\\\/image\\\/\",\"url\":\"https:\\\/\\\/socialinisverslas.verslilietuva.lt\\\/wp-content\\\/uploads\\\/2020\\\/12\\\/turiuversla.png\",\"contentUrl\":\"https:\\\/\\\/socialinisverslas.verslilietuva.lt\\\/wp-content\\\/uploads\\\/2020\\\/12\\\/turiuversla.png\",\"width\":418,\"height\":406,\"caption\":\"Socialinis verslas\"},\"image\":{\"@id\":\"https:\\\/\\\/testsocverslas.inovacijuagentura.lt\\\/#\\\/schema\\\/logo\\\/image\\\/\"}}]}<\/script>\n<!-- \/ Yoast SEO plugin. -->","yoast_head_json":{"title":"Socialinio verslo statuso \u012fgijimas - Socialinis verslas","robots":{"index":"noindex","follow":"follow","max-snippet":"max-snippet:-1","max-image-preview":"max-image-preview:large","max-video-preview":"max-video-preview:-1"},"og_locale":"en_US","og_type":"article","og_title":"Socialinio verslo statuso \u012fgijimas - Socialinis verslas","og_description":"Smulkiojo ir vidutinio verslo (SVV) subjektas, siekiantis \u012fgyti socialinio verslo status\u0105, j\u012f \u012fgyti gali u\u017epild\u017eius anket\u0105 bei pateikus duomenis Inovacij\u0173 agent\u016brai. Inovacij\u0173 agent\u016bra per 20 d.d. socialinio verslo subjekto statuso \u012fgijimo tvarka \u012fvertins pateikt\u0173 duomen\u0173 teisingum\u0105. Kad lengviau atsakytum\u0117te \u012f statuso suteikimo anketos klausimus, rekomenduojame naudotis nuotolini\u0173 mokym\u0173 skiltyje pateikta med\u017eiaga.","og_url":"https:\/\/testsocverslas.inovacijuagentura.lt\/en\/socialinio-verslo-statuso-igijimas\/","og_site_name":"Socialinis verslas","article_modified_time":"2025-02-03T13:53:35+00:00","og_image":[{"url":"https:\/\/testsocverslas.inovacijuagentura.lt\/wp-content\/uploads\/2025\/02\/So_verslas_web-14.png","type":"","width":"","height":""}],"twitter_card":"summary_large_image","twitter_misc":{"Est. reading time":"1 minute"},"schema":{"@context":"https:\/\/schema.org","@graph":[{"@type":"WebPage","@id":"https:\/\/testsocverslas.inovacijuagentura.lt\/socialinio-verslo-statuso-igijimas\/","url":"https:\/\/testsocverslas.inovacijuagentura.lt\/socialinio-verslo-statuso-igijimas\/","name":"Socialinio verslo statuso \u012fgijimas - Socialinis verslas","isPartOf":{"@id":"https:\/\/testsocverslas.inovacijuagentura.lt\/#website"},"primaryImageOfPage":{"@id":"https:\/\/testsocverslas.inovacijuagentura.lt\/socialinio-verslo-statuso-igijimas\/#primaryimage"},"image":{"@id":"https:\/\/testsocverslas.inovacijuagentura.lt\/socialinio-verslo-statuso-igijimas\/#primaryimage"},"thumbnailUrl":"https:\/\/testsocverslas.inovacijuagentura.lt\/wp-content\/uploads\/2025\/02\/So_verslas_web-14.png","datePublished":"2024-09-06T10:11:49+00:00","dateModified":"2025-02-03T13:53:35+00:00","breadcrumb":{"@id":"https:\/\/testsocverslas.inovacijuagentura.lt\/socialinio-verslo-statuso-igijimas\/#breadcrumb"},"inLanguage":"en-US","potentialAction":[{"@type":"ReadAction","target":["https:\/\/testsocverslas.inovacijuagentura.lt\/socialinio-verslo-statuso-igijimas\/"]}]},{"@type":"ImageObject","inLanguage":"en-US","@id":"https:\/\/testsocverslas.inovacijuagentura.lt\/socialinio-verslo-statuso-igijimas\/#primaryimage","url":"https:\/\/testsocverslas.inovacijuagentura.lt\/wp-content\/uploads\/2025\/02\/So_verslas_web-14.png","contentUrl":"https:\/\/testsocverslas.inovacijuagentura.lt\/wp-content\/uploads\/2025\/02\/So_verslas_web-14.png"},{"@type":"BreadcrumbList","@id":"https:\/\/testsocverslas.inovacijuagentura.lt\/socialinio-verslo-statuso-igijimas\/#breadcrumb","itemListElement":[{"@type":"ListItem","position":1,"name":"Home","item":"https:\/\/testsocverslas.inovacijuagentura.lt\/"},{"@type":"ListItem","position":2,"name":"Socialinio verslo statuso \u012fgijimas"}]},{"@type":"WebSite","@id":"https:\/\/testsocverslas.inovacijuagentura.lt\/#website","url":"https:\/\/testsocverslas.inovacijuagentura.lt\/","name":"Social Enterprise","description":"","publisher":{"@id":"https:\/\/testsocverslas.inovacijuagentura.lt\/#organization"},"potentialAction":[{"@type":"SearchAction","target":{"@type":"EntryPoint","urlTemplate":"https:\/\/testsocverslas.inovacijuagentura.lt\/?s={search_term_string}"},"query-input":{"@type":"PropertyValueSpecification","valueRequired":true,"valueName":"search_term_string"}}],"inLanguage":"en-US"},{"@type":"Organization","@id":"https:\/\/testsocverslas.inovacijuagentura.lt\/#organization","name":"Social Enterprise","url":"https:\/\/testsocverslas.inovacijuagentura.lt\/","logo":{"@type":"ImageObject","inLanguage":"en-US","@id":"https:\/\/testsocverslas.inovacijuagentura.lt\/#\/schema\/logo\/image\/","url":"https:\/\/socialinisverslas.verslilietuva.lt\/wp-content\/uploads\/2020\/12\/turiuversla.png","contentUrl":"https:\/\/socialinisverslas.verslilietuva.lt\/wp-content\/uploads\/2020\/12\/turiuversla.png","width":418,"height":406,"caption":"Socialinis verslas"},"image":{"@id":"https:\/\/testsocverslas.inovacijuagentura.lt\/#\/schema\/logo\/image\/"}}]}},"_links":{"self":[{"href":"https:\/\/testsocverslas.inovacijuagentura.lt\/en\/wp-json\/wp\/v2\/pages\/7857","targetHints":{"allow":["GET"]}}],"collection":[{"href":"https:\/\/testsocverslas.inovacijuagentura.lt\/en\/wp-json\/wp\/v2\/pages"}],"about":[{"href":"https:\/\/testsocverslas.inovacijuagentura.lt\/en\/wp-json\/wp\/v2\/types\/page"}],"author":[{"embeddable":true,"href":"https:\/\/testsocverslas.inovacijuagentura.lt\/en\/wp-json\/wp\/v2\/users\/913"}],"replies":[{"embeddable":true,"href":"https:\/\/testsocverslas.inovacijuagentura.lt\/en\/wp-json\/wp\/v2\/comments?post=7857"}],"version-history":[{"count":10,"href":"https:\/\/testsocverslas.inovacijuagentura.lt\/en\/wp-json\/wp\/v2\/pages\/7857\/revisions"}],"predecessor-version":[{"id":8087,"href":"https:\/\/testsocverslas.inovacijuagentura.lt\/en\/wp-json\/wp\/v2\/pages\/7857\/revisions\/8087"}],"wp:attachment":[{"href":"https:\/\/testsocverslas.inovacijuagentura.lt\/en\/wp-json\/wp\/v2\/media?parent=7857"}],"curies":[{"name":"wp","href":"https:\/\/api.w.org\/{rel}","templated":true}]}}