{"id":4429,"date":"2023-07-18T18:17:16","date_gmt":"2023-07-18T16:17:16","guid":{"rendered":"https:\/\/socialinisverslas.inovacijuagentura.lt\/?page_id=4429"},"modified":"2024-05-23T13:29:55","modified_gmt":"2024-05-23T11:29:55","slug":"videos","status":"publish","type":"page","link":"https:\/\/testsocverslas.inovacijuagentura.lt\/en\/videos\/","title":{"rendered":"Mokym\u0173 vaizdo \u012fra\u0161ai"},"content":{"rendered":"<p><\/p>\n\n\n\n<p><strong>Daugiau galimybi\u0173 &#8211; kartu. Mokym\u0173 ciklas apie socialinio verslo finansavim\u0105. <\/strong><\/p>\n\n\n\n<p>1 mokym\u0173 dalis &#8211; susitikimas su LR \u017dem\u0117s \u016bkio ministerija <\/p>\n\n\n\n<figure class=\"wp-block-embed is-type-video is-provider-youtube wp-block-embed-youtube wp-embed-aspect-16-9 wp-has-aspect-ratio\"><div class=\"wp-block-embed__wrapper\">\n<iframe loading=\"lazy\" title=\"Socialinio verslo finansavimo galimyb\u0117s. Susitikimas su LR \u017dem\u0117s \u016bkio ministerija\" width=\"580\" height=\"326\" src=\"https:\/\/www.youtube.com\/embed\/zomzpVPUTKc?list=PLACnxJznzsV4288w8wfVOTUT30AyEHoPb\" frameborder=\"0\" allow=\"accelerometer; autoplay; clipboard-write; encrypted-media; gyroscope; picture-in-picture; web-share\" referrerpolicy=\"strict-origin-when-cross-origin\" allowfullscreen><\/iframe>\n<\/div><\/figure>\n\n\n\n<p>2 mokym\u0173 dalis &#8211; susitikimas su INVEGA <\/p>\n\n\n\n<figure class=\"wp-block-embed is-type-video is-provider-youtube wp-block-embed-youtube wp-embed-aspect-16-9 wp-has-aspect-ratio\"><div class=\"wp-block-embed__wrapper\">\n<iframe loading=\"lazy\" title=\"Socialinio verslo finansavimo galimyb\u0117s. Susitikimas su INVEGA\" width=\"580\" height=\"326\" src=\"https:\/\/www.youtube.com\/embed\/CRHzy87Ckfs?feature=oembed\" frameborder=\"0\" allow=\"accelerometer; autoplay; clipboard-write; encrypted-media; gyroscope; picture-in-picture; web-share\" referrerpolicy=\"strict-origin-when-cross-origin\" allowfullscreen><\/iframe>\n<\/div><\/figure>\n\n\n\n<p><strong>Verslo modelis. Rengini\u0173 ciklas socialiniams verslininkams<\/strong><\/p>\n\n\n\n<figure class=\"wp-block-embed is-type-video is-provider-youtube wp-block-embed-youtube wp-embed-aspect-16-9 wp-has-aspect-ratio\"><div class=\"wp-block-embed__wrapper\">\n<iframe loading=\"lazy\" title=\"Verslo modelis. Rengini\u0173 ciklas socialiniams verslininkams\" width=\"580\" height=\"326\" src=\"https:\/\/www.youtube.com\/embed\/DE2tbtyfWts?feature=oembed\" frameborder=\"0\" allow=\"accelerometer; autoplay; clipboard-write; encrypted-media; gyroscope; picture-in-picture; web-share\" referrerpolicy=\"strict-origin-when-cross-origin\" allowfullscreen><\/iframe>\n<\/div><\/figure>\n\n\n\n<figure class=\"wp-block-embed is-type-video is-provider-youtube wp-block-embed-youtube wp-embed-aspect-16-9 wp-has-aspect-ratio\"><div class=\"wp-block-embed__wrapper\">\n<iframe loading=\"lazy\" title=\"Kuriu socialin\u012f versl\u0105: kaip pamatuoti kuriam\u0105 poveik\u012f?\" width=\"580\" height=\"326\" src=\"https:\/\/www.youtube.com\/embed\/65yYyTuw96Y?start=73&#038;feature=oembed\" frameborder=\"0\" allow=\"accelerometer; autoplay; clipboard-write; encrypted-media; gyroscope; picture-in-picture; web-share\" referrerpolicy=\"strict-origin-when-cross-origin\" allowfullscreen><\/iframe>\n<\/div><\/figure>\n\n\n\n<h3 class=\"wp-block-heading tw-mb-2 has-h-5-font-size\">Kuriu socialin\u012f versl\u0105: kaip pamatuoti kuriam\u0105 poveik\u012f<\/h3>\n\n\n\n<h3 class=\"wp-block-heading tw-mb-2 has-h-5-font-size\"><\/h3>\n\n\n\n<div class=\"wp-block-columns alignwide tw-cols-card tw-cols-card-shadow tw-stretched-media is-layout-flex wp-container-core-columns-is-layout-d0b3c9c8 wp-block-columns-is-layout-flex\">\n<div class=\"wp-block-column is-layout-flow wp-block-column-is-layout-flow\">\n<figure class=\"wp-block-embed is-type-video is-provider-youtube wp-block-embed-youtube wp-embed-aspect-16-9 wp-has-aspect-ratio\"><div class=\"wp-block-embed__wrapper\">\n<iframe loading=\"lazy\" title=\"Kuriu socialin\u012f versl\u0105: tikslin\u0117s auditorijos identifikavimas\" width=\"580\" height=\"326\" src=\"https:\/\/www.youtube.com\/embed\/Clrm1_i80JY?feature=oembed\" frameborder=\"0\" allow=\"accelerometer; autoplay; clipboard-write; encrypted-media; gyroscope; picture-in-picture; web-share\" referrerpolicy=\"strict-origin-when-cross-origin\" allowfullscreen><\/iframe>\n<\/div><\/figure>\n\n\n\n<h3 class=\"wp-block-heading tw-mb-2 has-h-5-font-size\"><strong><strong>Kuriu socialin\u012f versl\u0105: tikslin\u0117s auditorijos identifikavimas<\/strong><\/strong><\/h3>\n<\/div>\n\n\n\n<div class=\"wp-block-column is-layout-flow wp-block-column-is-layout-flow\">\n<figure class=\"wp-block-embed is-type-video is-provider-youtube wp-block-embed-youtube wp-embed-aspect-16-9 wp-has-aspect-ratio\"><div class=\"wp-block-embed__wrapper\">\n<iframe loading=\"lazy\" title=\"Kuriu socialin\u012f versl\u0105: socialin\u0117s problemos identifikavimas ir analiz\u0117\" width=\"580\" height=\"326\" src=\"https:\/\/www.youtube.com\/embed\/neumUC-b98M?feature=oembed\" frameborder=\"0\" allow=\"accelerometer; autoplay; clipboard-write; encrypted-media; gyroscope; picture-in-picture; web-share\" referrerpolicy=\"strict-origin-when-cross-origin\" allowfullscreen><\/iframe>\n<\/div><\/figure>\n\n\n\n<h3 class=\"wp-block-heading tw-mb-2 has-h-5-font-size\">Kuriu socialin\u012f versl\u0105: socialin\u0117s problemos identifikavimas ir analiz\u0117<\/h3>\n<\/div>\n<\/div>\n\n\n\n<div class=\"wp-block-group alignfull\"><div class=\"wp-block-group__inner-container is-layout-constrained wp-block-group-is-layout-constrained\">\n<div class=\"wp-block-columns alignwide tw-cols-card tw-cols-card-shadow tw-stretched-media is-layout-flex wp-container-core-columns-is-layout-d0b3c9c8 wp-block-columns-is-layout-flex\">\n<div class=\"wp-block-column is-layout-flow wp-block-column-is-layout-flow\">\n<figure class=\"wp-block-embed is-type-video is-provider-youtube wp-block-embed-youtube wp-embed-aspect-16-9 wp-has-aspect-ratio\"><div class=\"wp-block-embed__wrapper\">\n<iframe loading=\"lazy\" title=\"Vert\u0117s pasi\u016blymo k\u016brimas: k\u0105 turi \u017einoti socialinis verslininkas?\" width=\"580\" height=\"326\" src=\"https:\/\/www.youtube.com\/embed\/lLM_8j1EItA?feature=oembed\" frameborder=\"0\" allow=\"accelerometer; autoplay; clipboard-write; encrypted-media; gyroscope; picture-in-picture; web-share\" referrerpolicy=\"strict-origin-when-cross-origin\" allowfullscreen><\/iframe>\n<\/div><\/figure>\n\n\n\n<h3 class=\"wp-block-heading tw-mb-2 has-h-5-font-size\"><strong>Vert\u0117s pasi\u016blymo k\u016brimas: k\u0105 turi \u017einoti socialinis verslininkas?<\/strong><\/h3>\n<\/div>\n\n\n\n<div class=\"wp-block-column is-layout-flow wp-block-column-is-layout-flow\">\n<figure class=\"wp-block-embed is-type-video is-provider-youtube wp-block-embed-youtube wp-embed-aspect-16-9 wp-has-aspect-ratio\"><div class=\"wp-block-embed__wrapper\">\n<iframe loading=\"lazy\" title=\"Kaip socialinio verslo id\u0117j\u0105 paversti verslu?\" width=\"580\" height=\"326\" src=\"https:\/\/www.youtube.com\/embed\/A2Y_jGhwK54?feature=oembed\" frameborder=\"0\" allow=\"accelerometer; autoplay; clipboard-write; encrypted-media; gyroscope; picture-in-picture; web-share\" referrerpolicy=\"strict-origin-when-cross-origin\" allowfullscreen><\/iframe>\n<\/div><\/figure>\n\n\n\n<h3 class=\"wp-block-heading tw-mb-2 has-h-5-font-size\">Kaip socialinio verslo id\u0117j\u0105 paversti verslu?<\/h3>\n<\/div>\n<\/div>\n\n\n\n<div class=\"wp-block-columns alignwide tw-cols-card tw-cols-card-shadow tw-stretched-media is-layout-flex wp-container-core-columns-is-layout-d0b3c9c8 wp-block-columns-is-layout-flex\">\n<div class=\"wp-block-column is-layout-flow wp-block-column-is-layout-flow\">\n<figure class=\"wp-block-embed is-type-video is-provider-youtube wp-block-embed-youtube wp-embed-aspect-16-9 wp-has-aspect-ratio\"><div class=\"wp-block-embed__wrapper\">\n<iframe loading=\"lazy\" title=\"Ar socialinis verslas turi potencialo startuoli\u0173 pasaulyje?\" width=\"580\" height=\"326\" src=\"https:\/\/www.youtube.com\/embed\/N9X79RZvWBM?feature=oembed\" frameborder=\"0\" allow=\"accelerometer; autoplay; clipboard-write; encrypted-media; gyroscope; picture-in-picture; web-share\" referrerpolicy=\"strict-origin-when-cross-origin\" allowfullscreen><\/iframe>\n<\/div><\/figure>\n\n\n\n<h3 class=\"wp-block-heading tw-mb-2 has-h-5-font-size\"><strong>Ar socialinis verslas turi potencialo startuoli\u0173 pasaulyje?<\/strong><\/h3>\n<\/div>\n\n\n\n<div class=\"wp-block-column is-layout-flow wp-block-column-is-layout-flow\">\n<figure class=\"wp-block-embed is-type-video is-provider-youtube wp-block-embed-youtube wp-embed-aspect-16-9 wp-has-aspect-ratio\"><div class=\"wp-block-embed__wrapper\">\n<iframe loading=\"lazy\" title=\"Kaip matuoti poveik\u012f? Mokymai socialiniams verslams\" width=\"580\" height=\"326\" src=\"https:\/\/www.youtube.com\/embed\/GG8vSUSMeRk?feature=oembed\" frameborder=\"0\" allow=\"accelerometer; autoplay; clipboard-write; encrypted-media; gyroscope; picture-in-picture; web-share\" referrerpolicy=\"strict-origin-when-cross-origin\" allowfullscreen><\/iframe>\n<\/div><\/figure>\n\n\n\n<h3 class=\"wp-block-heading tw-mb-2 has-h-5-font-size\">Kaip matuoti poveik\u012f? Mokymai socialiniams verslams<\/h3>\n<\/div>\n<\/div>\n\n\n\n<div class=\"wp-block-columns alignwide tw-cols-card tw-cols-card-shadow tw-stretched-media is-layout-flex wp-container-core-columns-is-layout-d0b3c9c8 wp-block-columns-is-layout-flex\">\n<div class=\"wp-block-column is-layout-flow wp-block-column-is-layout-flow\">\n<figure class=\"wp-block-embed is-type-video is-provider-youtube wp-block-embed-youtube wp-embed-aspect-16-9 wp-has-aspect-ratio\"><div class=\"wp-block-embed__wrapper\">\n<iframe loading=\"lazy\" title=\"Verslai, kuriantys pokyt\u012f. Socialinio verslo istorijos\" width=\"580\" height=\"326\" src=\"https:\/\/www.youtube.com\/embed\/0I2eiL1LTPo?feature=oembed\" frameborder=\"0\" allow=\"accelerometer; autoplay; clipboard-write; encrypted-media; gyroscope; picture-in-picture; web-share\" referrerpolicy=\"strict-origin-when-cross-origin\" allowfullscreen><\/iframe>\n<\/div><\/figure>\n\n\n\n<h3 class=\"wp-block-heading tw-mb-2 has-h-5-font-size\">Verslai, kuriantys pokyt\u012f. Socialinio verslo istorijos<\/h3>\n<\/div>\n\n\n\n<div class=\"wp-block-column is-layout-flow wp-block-column-is-layout-flow\">\n<figure class=\"wp-block-embed is-type-video is-provider-youtube wp-block-embed-youtube wp-embed-aspect-16-9 wp-has-aspect-ratio\"><div class=\"wp-block-embed__wrapper\">\n<iframe loading=\"lazy\" title=\"Social Enterprise Day 2022\" width=\"580\" height=\"326\" src=\"https:\/\/www.youtube.com\/embed\/9KqLDQL-eJM?feature=oembed\" frameborder=\"0\" allow=\"accelerometer; autoplay; clipboard-write; encrypted-media; gyroscope; picture-in-picture; web-share\" referrerpolicy=\"strict-origin-when-cross-origin\" allowfullscreen><\/iframe>\n<\/div><\/figure>\n\n\n\n<h3 class=\"wp-block-heading tw-mb-2 has-h-5-font-size\">Social Enterprise Day 2022<\/h3>\n<\/div>\n<\/div>\n<\/div><\/div>","protected":false},"excerpt":{"rendered":"<p>Daugiau galimybi\u0173 &#8211; kartu. Mokym\u0173 ciklas apie socialinio verslo finansavim\u0105. 1 mokym\u0173 dalis &#8211; susitikimas su LR \u017dem\u0117s \u016bkio ministerija 2 mokym\u0173 dalis &#8211; susitikimas su INVEGA Verslo modelis. Rengini\u0173 ciklas socialiniams verslininkams Kuriu socialin\u012f versl\u0105: kaip pamatuoti kuriam\u0105 poveik\u012f Kuriu socialin\u012f versl\u0105: tikslin\u0117s auditorijos identifikavimas Kuriu socialin\u012f versl\u0105: socialin\u0117s problemos identifikavimas ir analiz\u0117 Vert\u0117s&hellip;<\/p>","protected":false},"author":1,"featured_media":0,"parent":0,"menu_order":0,"comment_status":"closed","ping_status":"closed","template":"","meta":{"footnotes":""},"class_list":["post-4429","page","type-page","status-publish","hentry"],"yoast_head":"<!-- This site is optimized with the Yoast SEO plugin v27.3 - https:\/\/yoast.com\/product\/yoast-seo-wordpress\/ -->\n<title>Mokym\u0173 vaizdo \u012fra\u0161ai - Socialinis verslas<\/title>\n<meta name=\"robots\" content=\"noindex, follow, max-snippet:-1, max-image-preview:large, max-video-preview:-1\" \/>\n<meta property=\"og:locale\" content=\"en_US\" \/>\n<meta property=\"og:type\" content=\"article\" \/>\n<meta property=\"og:title\" content=\"Mokym\u0173 vaizdo \u012fra\u0161ai - Socialinis verslas\" \/>\n<meta property=\"og:description\" content=\"Daugiau galimybi\u0173 &#8211; kartu. Mokym\u0173 ciklas apie socialinio verslo finansavim\u0105. 1 mokym\u0173 dalis &#8211; susitikimas su LR \u017dem\u0117s \u016bkio ministerija 2 mokym\u0173 dalis &#8211; susitikimas su INVEGA Verslo modelis. Rengini\u0173 ciklas socialiniams verslininkams Kuriu socialin\u012f versl\u0105: kaip pamatuoti kuriam\u0105 poveik\u012f Kuriu socialin\u012f versl\u0105: tikslin\u0117s auditorijos identifikavimas Kuriu socialin\u012f versl\u0105: socialin\u0117s problemos identifikavimas ir analiz\u0117 Vert\u0117s&hellip;\" \/>\n<meta property=\"og:url\" content=\"https:\/\/testsocverslas.inovacijuagentura.lt\/en\/videos\/\" \/>\n<meta property=\"og:site_name\" content=\"Socialinis verslas\" \/>\n<meta property=\"article:modified_time\" content=\"2024-05-23T11:29:55+00:00\" \/>\n<meta property=\"og:image\" content=\"https:\/\/testsocverslas.inovacijuagentura.lt\/wp-content\/uploads\/2020\/12\/turiuversla.png\" \/>\n\t<meta property=\"og:image:width\" content=\"418\" \/>\n\t<meta property=\"og:image:height\" content=\"406\" \/>\n\t<meta property=\"og:image:type\" content=\"image\/png\" \/>\n<meta name=\"twitter:card\" content=\"summary_large_image\" \/>\n<meta name=\"twitter:label1\" content=\"Est. reading time\" \/>\n\t<meta name=\"twitter:data1\" content=\"1 minute\" \/>\n<script type=\"application\/ld+json\" class=\"yoast-schema-graph\">{\"@context\":\"https:\\\/\\\/schema.org\",\"@graph\":[{\"@type\":\"WebPage\",\"@id\":\"https:\\\/\\\/testsocverslas.inovacijuagentura.lt\\\/videos\\\/\",\"url\":\"https:\\\/\\\/testsocverslas.inovacijuagentura.lt\\\/videos\\\/\",\"name\":\"Mokym\u0173 vaizdo \u012fra\u0161ai - Socialinis verslas\",\"isPartOf\":{\"@id\":\"https:\\\/\\\/testsocverslas.inovacijuagentura.lt\\\/#website\"},\"datePublished\":\"2023-07-18T16:17:16+00:00\",\"dateModified\":\"2024-05-23T11:29:55+00:00\",\"breadcrumb\":{\"@id\":\"https:\\\/\\\/testsocverslas.inovacijuagentura.lt\\\/videos\\\/#breadcrumb\"},\"inLanguage\":\"en-US\",\"potentialAction\":[{\"@type\":\"ReadAction\",\"target\":[\"https:\\\/\\\/testsocverslas.inovacijuagentura.lt\\\/videos\\\/\"]}]},{\"@type\":\"BreadcrumbList\",\"@id\":\"https:\\\/\\\/testsocverslas.inovacijuagentura.lt\\\/videos\\\/#breadcrumb\",\"itemListElement\":[{\"@type\":\"ListItem\",\"position\":1,\"name\":\"Home\",\"item\":\"https:\\\/\\\/testsocverslas.inovacijuagentura.lt\\\/\"},{\"@type\":\"ListItem\",\"position\":2,\"name\":\"Mokym\u0173 vaizdo \u012fra\u0161ai\"}]},{\"@type\":\"WebSite\",\"@id\":\"https:\\\/\\\/testsocverslas.inovacijuagentura.lt\\\/#website\",\"url\":\"https:\\\/\\\/testsocverslas.inovacijuagentura.lt\\\/\",\"name\":\"Socialinis verslas\",\"description\":\"\",\"publisher\":{\"@id\":\"https:\\\/\\\/testsocverslas.inovacijuagentura.lt\\\/#organization\"},\"potentialAction\":[{\"@type\":\"SearchAction\",\"target\":{\"@type\":\"EntryPoint\",\"urlTemplate\":\"https:\\\/\\\/testsocverslas.inovacijuagentura.lt\\\/?s={search_term_string}\"},\"query-input\":{\"@type\":\"PropertyValueSpecification\",\"valueRequired\":true,\"valueName\":\"search_term_string\"}}],\"inLanguage\":\"en-US\"},{\"@type\":\"Organization\",\"@id\":\"https:\\\/\\\/testsocverslas.inovacijuagentura.lt\\\/#organization\",\"name\":\"Socialinis verslas\",\"url\":\"https:\\\/\\\/testsocverslas.inovacijuagentura.lt\\\/\",\"logo\":{\"@type\":\"ImageObject\",\"inLanguage\":\"en-US\",\"@id\":\"https:\\\/\\\/testsocverslas.inovacijuagentura.lt\\\/#\\\/schema\\\/logo\\\/image\\\/\",\"url\":\"https:\\\/\\\/socialinisverslas.verslilietuva.lt\\\/wp-content\\\/uploads\\\/2020\\\/12\\\/turiuversla.png\",\"contentUrl\":\"https:\\\/\\\/socialinisverslas.verslilietuva.lt\\\/wp-content\\\/uploads\\\/2020\\\/12\\\/turiuversla.png\",\"width\":418,\"height\":406,\"caption\":\"Socialinis verslas\"},\"image\":{\"@id\":\"https:\\\/\\\/testsocverslas.inovacijuagentura.lt\\\/#\\\/schema\\\/logo\\\/image\\\/\"}}]}<\/script>\n<!-- \/ Yoast SEO plugin. -->","yoast_head_json":{"title":"Mokym\u0173 vaizdo \u012fra\u0161ai - Socialinis verslas","robots":{"index":"noindex","follow":"follow","max-snippet":"max-snippet:-1","max-image-preview":"max-image-preview:large","max-video-preview":"max-video-preview:-1"},"og_locale":"en_US","og_type":"article","og_title":"Mokym\u0173 vaizdo \u012fra\u0161ai - Socialinis verslas","og_description":"Daugiau galimybi\u0173 &#8211; kartu. Mokym\u0173 ciklas apie socialinio verslo finansavim\u0105. 1 mokym\u0173 dalis &#8211; susitikimas su LR \u017dem\u0117s \u016bkio ministerija 2 mokym\u0173 dalis &#8211; susitikimas su INVEGA Verslo modelis. Rengini\u0173 ciklas socialiniams verslininkams Kuriu socialin\u012f versl\u0105: kaip pamatuoti kuriam\u0105 poveik\u012f Kuriu socialin\u012f versl\u0105: tikslin\u0117s auditorijos identifikavimas Kuriu socialin\u012f versl\u0105: socialin\u0117s problemos identifikavimas ir analiz\u0117 Vert\u0117s&hellip;","og_url":"https:\/\/testsocverslas.inovacijuagentura.lt\/en\/videos\/","og_site_name":"Socialinis verslas","article_modified_time":"2024-05-23T11:29:55+00:00","og_image":[{"width":418,"height":406,"url":"https:\/\/testsocverslas.inovacijuagentura.lt\/wp-content\/uploads\/2020\/12\/turiuversla.png","type":"image\/png"}],"twitter_card":"summary_large_image","twitter_misc":{"Est. reading time":"1 minute"},"schema":{"@context":"https:\/\/schema.org","@graph":[{"@type":"WebPage","@id":"https:\/\/testsocverslas.inovacijuagentura.lt\/videos\/","url":"https:\/\/testsocverslas.inovacijuagentura.lt\/videos\/","name":"Mokym\u0173 vaizdo \u012fra\u0161ai - Socialinis verslas","isPartOf":{"@id":"https:\/\/testsocverslas.inovacijuagentura.lt\/#website"},"datePublished":"2023-07-18T16:17:16+00:00","dateModified":"2024-05-23T11:29:55+00:00","breadcrumb":{"@id":"https:\/\/testsocverslas.inovacijuagentura.lt\/videos\/#breadcrumb"},"inLanguage":"en-US","potentialAction":[{"@type":"ReadAction","target":["https:\/\/testsocverslas.inovacijuagentura.lt\/videos\/"]}]},{"@type":"BreadcrumbList","@id":"https:\/\/testsocverslas.inovacijuagentura.lt\/videos\/#breadcrumb","itemListElement":[{"@type":"ListItem","position":1,"name":"Home","item":"https:\/\/testsocverslas.inovacijuagentura.lt\/"},{"@type":"ListItem","position":2,"name":"Mokym\u0173 vaizdo \u012fra\u0161ai"}]},{"@type":"WebSite","@id":"https:\/\/testsocverslas.inovacijuagentura.lt\/#website","url":"https:\/\/testsocverslas.inovacijuagentura.lt\/","name":"Social Enterprise","description":"","publisher":{"@id":"https:\/\/testsocverslas.inovacijuagentura.lt\/#organization"},"potentialAction":[{"@type":"SearchAction","target":{"@type":"EntryPoint","urlTemplate":"https:\/\/testsocverslas.inovacijuagentura.lt\/?s={search_term_string}"},"query-input":{"@type":"PropertyValueSpecification","valueRequired":true,"valueName":"search_term_string"}}],"inLanguage":"en-US"},{"@type":"Organization","@id":"https:\/\/testsocverslas.inovacijuagentura.lt\/#organization","name":"Social Enterprise","url":"https:\/\/testsocverslas.inovacijuagentura.lt\/","logo":{"@type":"ImageObject","inLanguage":"en-US","@id":"https:\/\/testsocverslas.inovacijuagentura.lt\/#\/schema\/logo\/image\/","url":"https:\/\/socialinisverslas.verslilietuva.lt\/wp-content\/uploads\/2020\/12\/turiuversla.png","contentUrl":"https:\/\/socialinisverslas.verslilietuva.lt\/wp-content\/uploads\/2020\/12\/turiuversla.png","width":418,"height":406,"caption":"Socialinis verslas"},"image":{"@id":"https:\/\/testsocverslas.inovacijuagentura.lt\/#\/schema\/logo\/image\/"}}]}},"_links":{"self":[{"href":"https:\/\/testsocverslas.inovacijuagentura.lt\/en\/wp-json\/wp\/v2\/pages\/4429","targetHints":{"allow":["GET"]}}],"collection":[{"href":"https:\/\/testsocverslas.inovacijuagentura.lt\/en\/wp-json\/wp\/v2\/pages"}],"about":[{"href":"https:\/\/testsocverslas.inovacijuagentura.lt\/en\/wp-json\/wp\/v2\/types\/page"}],"author":[{"embeddable":true,"href":"https:\/\/testsocverslas.inovacijuagentura.lt\/en\/wp-json\/wp\/v2\/users\/1"}],"replies":[{"embeddable":true,"href":"https:\/\/testsocverslas.inovacijuagentura.lt\/en\/wp-json\/wp\/v2\/comments?post=4429"}],"version-history":[{"count":30,"href":"https:\/\/testsocverslas.inovacijuagentura.lt\/en\/wp-json\/wp\/v2\/pages\/4429\/revisions"}],"predecessor-version":[{"id":6943,"href":"https:\/\/testsocverslas.inovacijuagentura.lt\/en\/wp-json\/wp\/v2\/pages\/4429\/revisions\/6943"}],"wp:attachment":[{"href":"https:\/\/testsocverslas.inovacijuagentura.lt\/en\/wp-json\/wp\/v2\/media?parent=4429"}],"curies":[{"name":"wp","href":"https:\/\/api.w.org\/{rel}","templated":true}]}}